{"id":25351,"date":"2023-08-25T09:37:07","date_gmt":"2023-08-25T07:37:07","guid":{"rendered":"https:\/\/somida.net\/index.php\/dasa-project\/"},"modified":"2023-12-18T17:40:21","modified_gmt":"2023-12-18T16:40:21","slug":"dasa-project","status":"publish","type":"page","link":"https:\/\/somida.net\/en\/dasa-project\/","title":{"rendered":"Dasa Project"},"content":{"rendered":"<p>[et_pb_section fb_built=&#8221;1&#8243; fullwidth=&#8221;on&#8221; _builder_version=&#8221;4.22.1&#8243; _module_preset=&#8221;default&#8221; background_enable_color=&#8221;off&#8221; background_image=&#8221;https:\/\/somida.net\/wp-content\/uploads\/2023\/09\/Picture2-copy-scaled.jpg&#8221; background_size=&#8221;custom&#8221; background_image_width=&#8221;100%&#8221; background_position=&#8221;top_center&#8221; background_vertical_offset=&#8221;34%&#8221; min_height=&#8221;250px&#8221; global_colors_info=&#8221;{}&#8221;][et_pb_fullwidth_header title=&#8221;Dasa Project&#8221; background_overlay_color=&#8221;rgba(0,0,0,0.2)&#8221; _builder_version=&#8221;4.22.1&#8243; _module_preset=&#8221;default&#8221; title_font=&#8221;|700||on|||||&#8221; title_text_align=&#8221;center&#8221; title_font_size=&#8221;50px&#8221; title_line_height=&#8221;2.2em&#8221; background_enable_color=&#8221;off&#8221; transform_translate=&#8221;5px|0px&#8221; min_height=&#8221;250px&#8221; global_colors_info=&#8221;{}&#8221;][\/et_pb_fullwidth_header][\/et_pb_section][et_pb_section fb_built=&#8221;1&#8243; _builder_version=&#8221;4.22.1&#8243; _module_preset=&#8221;default&#8221; background_enable_color=&#8221;off&#8221; background_enable_image=&#8221;off&#8221; custom_padding=&#8221;||||false|false&#8221; locked=&#8221;off&#8221; global_colors_info=&#8221;{}&#8221;][et_pb_row column_structure=&#8221;3_4,1_4&#8243; _builder_version=&#8221;4.22.2&#8243; _module_preset=&#8221;default&#8221; global_colors_info=&#8221;{}&#8221;][et_pb_column type=&#8221;3_4&#8243; _builder_version=&#8221;4.22.1&#8243; _module_preset=&#8221;default&#8221; global_colors_info=&#8221;{}&#8221;][et_pb_heading title=&#8221;Welcome to the DASA Project, a place where innovation and excellence meet to shape a better future!&#8221; _builder_version=&#8221;4.22.2&#8243; _module_preset=&#8221;default&#8221; title_level=&#8221;h2&#8243; title_font=&#8221;|700|||||||&#8221; title_text_align=&#8221;left&#8221; min_height=&#8221;80px&#8221; custom_margin=&#8221;0px||0px||true|false&#8221; custom_padding=&#8221;0px||0px||true|false&#8221; global_colors_info=&#8221;{}&#8221;][\/et_pb_heading][\/et_pb_column][et_pb_column type=&#8221;1_4&#8243; _builder_version=&#8221;4.22.1&#8243; _module_preset=&#8221;default&#8221; global_colors_info=&#8221;{}&#8221;][\/et_pb_column][\/et_pb_row][et_pb_row _builder_version=&#8221;4.22.2&#8243; _module_preset=&#8221;default&#8221; global_colors_info=&#8221;{}&#8221;][et_pb_column type=&#8221;4_4&#8243; _builder_version=&#8221;4.22.2&#8243; _module_preset=&#8221;default&#8221; global_colors_info=&#8221;{}&#8221;][et_pb_accordion toggle_icon=&#8221;&#x50;||divi||400&#8243; icon_color=&#8221;#7CDA24&#8243; _builder_version=&#8221;4.22.2&#8243; _module_preset=&#8221;default&#8221; hover_enabled=&#8221;0&#8243; global_colors_info=&#8221;{}&#8221; sticky_enabled=&#8221;0&#8243;][et_pb_accordion_item title=&#8221;What is the DASA Project?&#8221; open=&#8221;on&#8221; _builder_version=&#8221;4.22.2&#8243; _module_preset=&#8221;default&#8221; global_colors_info=&#8221;{}&#8221;]<\/p>\n<p>The DASA Project involves development of an underground uranium mine, and construction of a processing plant capable of handling 1,000 tonnes of ore per day. Construction for the mine and processing plant is set to begin in mid-2024, with commissioning planned for the end of 2025. <\/p>\n<\/p>\n<p>[\/et_pb_accordion_item][et_pb_accordion_item title=&#8221;Benefits of the Project&#8221; _builder_version=&#8221;4.22.2&#8243; _module_preset=&#8221;default&#8221; global_colors_info=&#8221;{}&#8221; open=&#8221;off&#8221;]<\/p>\n<p><strong>:<\/strong> The DASA Project is expected to create numerous direct and indirect jobs, contribute significant tax revenues for Niger, and stimulate economic growth at various levels.<\/p>\n<p>[\/et_pb_accordion_item][et_pb_accordion_item title=&#8221;Environmental, Social, and Governance&#8221; _builder_version=&#8221;4.22.2&#8243; _module_preset=&#8221;default&#8221; hover_enabled=&#8221;0&#8243; global_colors_info=&#8221;{}&#8221; open=&#8221;off&#8221; sticky_enabled=&#8221;0&#8243;]<\/p>\n<p>The Dasa Project, having completed a thorough environmental and social impact study, received an Environmental Compliance Certificate and follows a robust Management Plan since 2022. Adhering to international standards, this plan showcases SOMIDA&#8217;s commitment to sustainable development and local community engagement, with a focus on using local labor and suppliers and closely monitoring environmental conditions throughout the project&#8217;s lifespan.<br \/>See the ENVIRONNEMENT &amp; SOCIAL section of the website for more.<\/p>\n<p>[\/et_pb_accordion_item][et_pb_accordion_item title=&#8221;History&#8221; _builder_version=&#8221;4.22.2&#8243; _module_preset=&#8221;default&#8221; global_colors_info=&#8221;{}&#8221; open=&#8221;off&#8221;]<\/p>\n<p>Soci\u00e9t\u00e9 Mini\u00e8re de DASA SA (SOMIDA), is\u00a0 a partnership between the Republic of Niger and Global Atomic Corporation*. The company was established on August 11, 2022, in advance of the launch of the underground mine development at the DASA uranium deposit. The official start of this development was marked by an Opening Blast Ceremony on November 5, 2022.<\/p>\n<p>[\/et_pb_accordion_item][et_pb_accordion_item title=&#8221;Location&#8221; _builder_version=&#8221;4.22.2&#8243; _module_preset=&#8221;default&#8221; global_colors_info=&#8221;{}&#8221; open=&#8221;off&#8221;]<\/p>\n<p>The DASA Project is situated in the heart of Niger&#8217;s Agadez region, an area with a five-decade history of successful uranium mining. Nestled between the mining hubs of Arlit and Agadez, the Project benefits from its strategic position. It is just 40 kilometers north of Tchiroz\u00e9rine and a mere 5 kilometers east of the RN-25 highway, adjacent to Tagaza village (see attached map).<\/p>\n<p>[\/et_pb_accordion_item][et_pb_accordion_item title=&#8221;Geology&#8221; _builder_version=&#8221;4.22.2&#8243; _module_preset=&#8221;default&#8221; global_colors_info=&#8221;{}&#8221; open=&#8221;off&#8221;]<\/p>\n<p>The Dasa deposit in the western A\u00efr region, characterized by discordant graben-type structures from the Cambrian to the Cretaceous periods, boasts high uranium levels. The deposit lies within a depth range of 80 to 600 meters. See Exploration page for more.<\/p>\n<p>[\/et_pb_accordion_item][et_pb_accordion_item title=&#8221;Operating Life&#8221; _builder_version=&#8221;4.22.2&#8243; _module_preset=&#8221;default&#8221; global_colors_info=&#8221;{}&#8221; open=&#8221;off&#8221;]<\/p>\n<p>Based on the 2021 Phase 1 Feasibility Study, a starter mine, representing approximately 20% of the known Dasa\u2019s resources, is expected to operate for 12 years. The results from a drilling program concluded in 2022, suggest an extension of the mine\u2019s life.<\/p>\n<p>[\/et_pb_accordion_item][et_pb_accordion_item title=&#8221;Structure&#8221; _builder_version=&#8221;4.22.2&#8243; _module_preset=&#8221;default&#8221; global_colors_info=&#8221;{}&#8221; open=&#8221;off&#8221;]<\/p>\n<p>SOMIDA Company is efficiently structured, operating from two primary locations: Niamey and the DASA mine site.<\/p>\n<p>[\/et_pb_accordion_item][\/et_pb_accordion][\/et_pb_column][\/et_pb_row][et_pb_row _builder_version=&#8221;4.22.2&#8243; _module_preset=&#8221;default&#8221; global_colors_info=&#8221;{}&#8221;][et_pb_column type=&#8221;4_4&#8243; _builder_version=&#8221;4.22.2&#8243; _module_preset=&#8221;default&#8221; global_colors_info=&#8221;{}&#8221;][et_pb_image src=&#8221;https:\/\/somida.net\/wp-content\/uploads\/2023\/12\/Dasa-Map-NTS-LABEL.jpg&#8221; title_text=&#8221;Dasa Map NTS LABEL&#8221; _builder_version=&#8221;4.22.2&#8243; _module_preset=&#8221;default&#8221; global_colors_info=&#8221;{}&#8221;][\/et_pb_image][\/et_pb_column][\/et_pb_row][\/et_pb_section]<\/p>\n","protected":false},"excerpt":{"rendered":"<p>The DASA Project involves development of an underground uranium mine, and construction of a processing plant capable of handling 1,000 tonnes of ore per day. Construction for the mine and processing plant is set to begin in mid-2024, with commissioning planned for the end of 2025. : The DASA Project is expected to create numerous [&hellip;]<\/p>\n","protected":false},"author":7,"featured_media":0,"parent":0,"menu_order":0,"comment_status":"closed","ping_status":"closed","template":"","meta":{"_et_pb_use_builder":"on","_et_pb_old_content":"","_et_gb_content_width":"","_mc_calendar":[],"footnotes":""},"class_list":["post-25351","page","type-page","status-publish","hentry"],"_links":{"self":[{"href":"https:\/\/somida.net\/en\/wp-json\/wp\/v2\/pages\/25351","targetHints":{"allow":["GET"]}}],"collection":[{"href":"https:\/\/somida.net\/en\/wp-json\/wp\/v2\/pages"}],"about":[{"href":"https:\/\/somida.net\/en\/wp-json\/wp\/v2\/types\/page"}],"author":[{"embeddable":true,"href":"https:\/\/somida.net\/en\/wp-json\/wp\/v2\/users\/7"}],"replies":[{"embeddable":true,"href":"https:\/\/somida.net\/en\/wp-json\/wp\/v2\/comments?post=25351"}],"version-history":[{"count":10,"href":"https:\/\/somida.net\/en\/wp-json\/wp\/v2\/pages\/25351\/revisions"}],"predecessor-version":[{"id":26722,"href":"https:\/\/somida.net\/en\/wp-json\/wp\/v2\/pages\/25351\/revisions\/26722"}],"wp:attachment":[{"href":"https:\/\/somida.net\/en\/wp-json\/wp\/v2\/media?parent=25351"}],"curies":[{"name":"wp","href":"https:\/\/api.w.org\/{rel}","templated":true}]}}