{"id":25339,"date":"2023-08-25T09:33:05","date_gmt":"2023-08-25T07:33:05","guid":{"rendered":"https:\/\/somida.net\/index.php\/home-page\/"},"modified":"2025-02-18T20:52:23","modified_gmt":"2025-02-18T19:52:23","slug":"home-page","status":"publish","type":"page","link":"https:\/\/somida.net\/en\/","title":{"rendered":"Home"},"content":{"rendered":"<p>[et_pb_section fb_built=&#8221;1&#8243; fullwidth=&#8221;on&#8221; _builder_version=&#8221;4.22.2&#8243; _module_preset=&#8221;default&#8221; background_image=&#8221;https:\/\/somida.net\/wp-content\/uploads\/2023\/11\/IMG_4161-SMALL.jpg&#8221; background_position=&#8221;bottom_center&#8221; background_vertical_offset=&#8221;17%&#8221; width=&#8221;100%&#8221; max_width=&#8221;100%&#8221; min_height=&#8221;100px&#8221; global_colors_info=&#8221;{}&#8221;][et_pb_fullwidth_slider show_arrows=&#8221;off&#8221; use_bg_overlay=&#8221;on&#8221; bg_overlay_color=&#8221;rgba(0,0,0,0.46)&#8221; _builder_version=&#8221;4.22.2&#8243; _module_preset=&#8221;default&#8221; header_font_size=&#8221;46px&#8221; background_color=&#8221;RGBA(255,255,255,0)&#8221; background_enable_image=&#8221;off&#8221; min_height=&#8221;70vh&#8221; custom_margin=&#8221;||||false|false&#8221; custom_padding=&#8221;24px||24px||false|false&#8221; auto=&#8221;on&#8221; hover_enabled=&#8221;0&#8243; header_font_size_tablet=&#8221;36px&#8221; header_font_size_phone=&#8221;24px&#8221; header_font_size_last_edited=&#8221;on|tablet&#8221; header_line_height_tablet=&#8221;1em&#8221; header_line_height_phone=&#8221;1em&#8221; header_line_height_last_edited=&#8221;on|tablet&#8221; global_colors_info=&#8221;{}&#8221; sticky_enabled=&#8221;0&#8243;][et_pb_slide heading=&#8221;We are developing the next uranium mine in the Republic of Niger&#8221; use_bg_overlay=&#8221;on&#8221; _builder_version=&#8221;4.22.2&#8243; _module_preset=&#8221;default&#8221; header_level=&#8221;h1&#8243; header_font=&#8221;Poppins|800|||||||&#8221; header_font_size=&#8221;4rem&#8221; header_letter_spacing=&#8221;3px&#8221; header_line_height=&#8221;1.3em&#8221; body_line_height=&#8221;1.3em&#8221; background_enable_color=&#8221;off&#8221; background_enable_image=&#8221;off&#8221; parallax=&#8221;on&#8221; hover_enabled=&#8221;0&#8243; header_font_size_tablet=&#8221;4rem&#8221; header_font_size_phone=&#8221;2.5rem&#8221; header_font_size_last_edited=&#8221;on|phone&#8221; global_colors_info=&#8221;{}&#8221; sticky_transition=&#8221;on&#8221; sticky_enabled=&#8221;0&#8243;][\/et_pb_slide][et_pb_slide heading=&#8221;Societe Miniere de DASA SA&#8221; use_bg_overlay=&#8221;on&#8221; _builder_version=&#8221;4.22.2&#8243; _module_preset=&#8221;default&#8221; header_level=&#8221;h1&#8243; header_font=&#8221;Poppins|800|||||||&#8221; header_font_size=&#8221;4rem&#8221; header_letter_spacing=&#8221;3px&#8221; header_line_height=&#8221;1.3em&#8221; body_font=&#8221;Poppins||||||||&#8221; body_text_align=&#8221;center&#8221; body_line_height=&#8221;1.3em&#8221; background_enable_color=&#8221;off&#8221; background_enable_image=&#8221;off&#8221; parallax=&#8221;on&#8221; hover_enabled=&#8221;0&#8243; header_font_size_tablet=&#8221;3rem&#8221; header_font_size_phone=&#8221;2.5rem&#8221; header_font_size_last_edited=&#8221;on|tablet&#8221; global_colors_info=&#8221;{}&#8221; sticky_transition=&#8221;on&#8221; sticky_enabled=&#8221;0&#8243;][\/et_pb_slide][\/et_pb_fullwidth_slider][\/et_pb_section][et_pb_section fb_built=&#8221;1&#8243; _builder_version=&#8221;4.22.1&#8243; _module_preset=&#8221;default&#8221; background_enable_color=&#8221;off&#8221; background_enable_image=&#8221;off&#8221;][et_pb_row _builder_version=&#8221;4.22.1&#8243; _module_preset=&#8221;default&#8221; global_colors_info=&#8221;{}&#8221;][et_pb_column type=&#8221;4_4&#8243; _builder_version=&#8221;4.22.1&#8243; _module_preset=&#8221;default&#8221; background_enable_image=&#8221;off&#8221; parallax=&#8221;on&#8221; global_colors_info=&#8221;{}&#8221;][et_pb_heading title=&#8221;About Us&#8221; _builder_version=&#8221;4.22.2&#8243; _module_preset=&#8221;default&#8221; title_level=&#8221;h2&#8243; title_font=&#8221;Poppins|700|||||||&#8221; custom_margin=&#8221;||||false|false&#8221; custom_padding=&#8221;0px||0px|||&#8221; global_colors_info=&#8221;{}&#8221;][\/et_pb_heading][et_pb_text _builder_version=&#8221;4.22.2&#8243; _module_preset=&#8221;default&#8221; custom_margin=&#8221;||||false|false&#8221; custom_padding=&#8221;||6px|||&#8221; global_colors_info=&#8221;{}&#8221;]<\/p>\n<p>Welcome to the DASA uranium mining project, a place where innovation and excellence come together to shape a better future! The DASA project is owned by Soci\u00e9t\u00e9 Mini\u00e8re de DASA SA (SOMIDA), a partnership between the Republic of Niger and Global Atomic Corporation. At DASA, we combine cutting-edge innovation with an unwavering commitment to sustainable development. Our commitment goes beyond mining; we strive to find a balance between the economic growth of Niger, environmental management and community prosperity.<\/p>\n<p>Join us in this revolutionary adventure as we pave the way towards a cleaner, safer and more sustainable energy future!<\/p>\n<p>[\/et_pb_text][et_pb_button button_url=&#8221;https:\/\/somida.net\/en\/index.php\/dasa-project\/&#8221; button_text=&#8221;Read more&#8230;&#8221; _builder_version=&#8221;4.22.2&#8243; _module_preset=&#8221;default&#8221; custom_padding=&#8221;||1px|||&#8221; hover_enabled=&#8221;0&#8243; global_colors_info=&#8221;{}&#8221; sticky_enabled=&#8221;0&#8243;][\/et_pb_button][\/et_pb_column][\/et_pb_row][\/et_pb_section]<\/p>\n","protected":false},"excerpt":{"rendered":"<p>Welcome to the DASA uranium mining project, a place where innovation and excellence come together to shape a better future! The DASA project is owned by Soci\u00e9t\u00e9 Mini\u00e8re de DASA SA (SOMIDA), a partnership between the Republic of Niger and Global Atomic Corporation. At DASA, we combine cutting-edge innovation with an unwavering commitment to sustainable [&hellip;]<\/p>\n","protected":false},"author":7,"featured_media":0,"parent":0,"menu_order":0,"comment_status":"closed","ping_status":"closed","template":"","meta":{"_et_pb_use_builder":"on","_et_pb_old_content":"","_et_gb_content_width":"","_mc_calendar":[],"footnotes":""},"class_list":["post-25339","page","type-page","status-publish","hentry"],"_links":{"self":[{"href":"https:\/\/somida.net\/en\/wp-json\/wp\/v2\/pages\/25339","targetHints":{"allow":["GET"]}}],"collection":[{"href":"https:\/\/somida.net\/en\/wp-json\/wp\/v2\/pages"}],"about":[{"href":"https:\/\/somida.net\/en\/wp-json\/wp\/v2\/types\/page"}],"author":[{"embeddable":true,"href":"https:\/\/somida.net\/en\/wp-json\/wp\/v2\/users\/7"}],"replies":[{"embeddable":true,"href":"https:\/\/somida.net\/en\/wp-json\/wp\/v2\/comments?post=25339"}],"version-history":[{"count":28,"href":"https:\/\/somida.net\/en\/wp-json\/wp\/v2\/pages\/25339\/revisions"}],"predecessor-version":[{"id":27361,"href":"https:\/\/somida.net\/en\/wp-json\/wp\/v2\/pages\/25339\/revisions\/27361"}],"wp:attachment":[{"href":"https:\/\/somida.net\/en\/wp-json\/wp\/v2\/media?parent=25339"}],"curies":[{"name":"wp","href":"https:\/\/api.w.org\/{rel}","templated":true}]}}